{"id":25255,"date":"2022-12-01T20:07:13","date_gmt":"2022-12-01T20:07:13","guid":{"rendered":"http:\/\/www.krckomak.com\/?page_id=25255"},"modified":"2022-12-23T07:24:03","modified_gmt":"2022-12-23T07:24:03","slug":"ikinciel-kompresor","status":"publish","type":"page","link":"http:\/\/www.krckomak.com\/index.php\/ikinciel-kompresor\/","title":{"rendered":"2. El Kompres\u00f6r"},"content":{"rendered":"\t\t<div data-elementor-type=\"wp-page\" data-elementor-id=\"25255\" class=\"elementor elementor-25255\">\n\t\t\t\t\t\t\t\t\t<section class=\"elementor-section elementor-top-section elementor-element elementor-element-b61f22c elementor-section-boxed elementor-section-height-default elementor-section-height-default\" data-id=\"b61f22c\" data-element_type=\"section\">\n\t\t\t\t\t\t<div class=\"elementor-container elementor-column-gap-default\">\n\t\t\t\t\t<div class=\"elementor-column elementor-col-100 elementor-top-column elementor-element elementor-element-25d431e\" data-id=\"25d431e\" data-element_type=\"column\">\n\t\t\t<div class=\"elementor-widget-wrap elementor-element-populated\">\n\t\t\t\t\t\t\t\t<div class=\"elementor-element elementor-element-49a515e elementor-widget elementor-widget-heading\" data-id=\"49a515e\" data-element_type=\"widget\" data-widget_type=\"heading.default\">\n\t\t\t\t<div class=\"elementor-widget-container\">\n\t\t\t<style>\/*! elementor - v3.8.1 - 13-11-2022 *\/\n.elementor-heading-title{padding:0;margin:0;line-height:1}.elementor-widget-heading .elementor-heading-title[class*=elementor-size-]>a{color:inherit;font-size:inherit;line-height:inherit}.elementor-widget-heading .elementor-heading-title.elementor-size-small{font-size:15px}.elementor-widget-heading .elementor-heading-title.elementor-size-medium{font-size:19px}.elementor-widget-heading .elementor-heading-title.elementor-size-large{font-size:29px}.elementor-widget-heading .elementor-heading-title.elementor-size-xl{font-size:39px}.elementor-widget-heading .elementor-heading-title.elementor-size-xxl{font-size:59px}<\/style><h2 class=\"elementor-heading-title elementor-size-default\">2. El  Kompres\u00f6r<\/h2>\t\t<\/div>\n\t\t\t\t<\/div>\n\t\t\t\t\t<\/div>\n\t\t<\/div>\n\t\t\t\t\t\t\t<\/div>\n\t\t<\/section>\n\t\t\t\t<section class=\"elementor-section elementor-top-section elementor-element elementor-element-e58f606 elementor-section-boxed elementor-section-height-default elementor-section-height-default\" data-id=\"e58f606\" data-element_type=\"section\">\n\t\t\t\t\t\t<div class=\"elementor-container elementor-column-gap-default\">\n\t\t\t\t\t<div class=\"elementor-column elementor-col-33 elementor-top-column elementor-element elementor-element-2285c31\" data-id=\"2285c31\" data-element_type=\"column\">\n\t\t\t<div class=\"elementor-widget-wrap elementor-element-populated\">\n\t\t\t\t\t\t\t\t<div class=\"elementor-element elementor-element-1be72e8 elementor-widget elementor-widget-image\" data-id=\"1be72e8\" data-element_type=\"widget\" data-widget_type=\"image.default\">\n\t\t\t\t<div class=\"elementor-widget-container\">\n\t\t\t<style>\/*! elementor - v3.8.1 - 13-11-2022 *\/\n.elementor-widget-image{text-align:center}.elementor-widget-image a{display:inline-block}.elementor-widget-image a img[src$=\".svg\"]{width:48px}.elementor-widget-image img{vertical-align:middle;display:inline-block}<\/style>\t\t\t\t\t\t\t\t\t\t\t\t\t<a href=\"http:\/\/www.krckomak.com\/wp-content\/uploads\/2019\/05\/course-1-free-img.jpg\" data-elementor-open-lightbox=\"yes\" data-elementor-lightbox-title=\"course-1-free-img\" e-action-hash=\"#elementor-action%3Aaction%3Dlightbox%26settings%3DeyJpZCI6MjQyMjEsInVybCI6Imh0dHA6XC9cL3d3dy5rcmNrb21hay5jb21cL3dwLWNvbnRlbnRcL3VwbG9hZHNcLzIwMTlcLzA1XC9jb3Vyc2UtMS1mcmVlLWltZy5qcGcifQ%3D%3D\">\n\t\t\t\t\t\t\t<img decoding=\"async\" width=\"300\" height=\"167\" src=\"http:\/\/www.krckomak.com\/wp-content\/uploads\/2019\/05\/course-1-free-img-300x167.jpg\" class=\"attachment-medium size-medium\" alt=\"\" loading=\"lazy\" srcset=\"http:\/\/www.krckomak.com\/wp-content\/uploads\/2019\/05\/course-1-free-img-300x167.jpg 300w, http:\/\/www.krckomak.com\/wp-content\/uploads\/2019\/05\/course-1-free-img-600x334.jpg 600w, http:\/\/www.krckomak.com\/wp-content\/uploads\/2019\/05\/course-1-free-img-768x428.jpg 768w, http:\/\/www.krckomak.com\/wp-content\/uploads\/2019\/05\/course-1-free-img.jpg 1024w\" sizes=\"(max-width: 300px) 100vw, 300px\" \/>\t\t\t\t\t\t\t\t<\/a>\n\t\t\t\t\t\t\t\t\t\t\t\t\t\t\t<\/div>\n\t\t\t\t<\/div>\n\t\t\t\t\t<\/div>\n\t\t<\/div>\n\t\t\t\t<div class=\"elementor-column elementor-col-33 elementor-top-column elementor-element elementor-element-ee80c75\" data-id=\"ee80c75\" data-element_type=\"column\">\n\t\t\t<div class=\"elementor-widget-wrap elementor-element-populated\">\n\t\t\t\t\t\t\t\t<div class=\"elementor-element elementor-element-b764bfb elementor-widget elementor-widget-image\" data-id=\"b764bfb\" data-element_type=\"widget\" data-widget_type=\"image.default\">\n\t\t\t\t<div class=\"elementor-widget-container\">\n\t\t\t\t\t\t\t\t\t\t\t\t\t\t\t\t<a href=\"http:\/\/www.krckomak.com\/wp-content\/uploads\/2019\/06\/growth-hacking-free-img.jpg\" data-elementor-open-lightbox=\"yes\" data-elementor-lightbox-title=\"growth-hacking-free-img\" e-action-hash=\"#elementor-action%3Aaction%3Dlightbox%26settings%3DeyJpZCI6MjQ2NzYsInVybCI6Imh0dHA6XC9cL3d3dy5rcmNrb21hay5jb21cL3dwLWNvbnRlbnRcL3VwbG9hZHNcLzIwMTlcLzA2XC9ncm93dGgtaGFja2luZy1mcmVlLWltZy5qcGcifQ%3D%3D\">\n\t\t\t\t\t\t\t<img decoding=\"async\" width=\"300\" height=\"171\" src=\"http:\/\/www.krckomak.com\/wp-content\/uploads\/2019\/06\/growth-hacking-free-img-300x171.jpg\" class=\"attachment-medium size-medium\" alt=\"\" loading=\"lazy\" srcset=\"http:\/\/www.krckomak.com\/wp-content\/uploads\/2019\/06\/growth-hacking-free-img-300x171.jpg 300w, http:\/\/www.krckomak.com\/wp-content\/uploads\/2019\/06\/growth-hacking-free-img-600x343.jpg 600w, http:\/\/www.krckomak.com\/wp-content\/uploads\/2019\/06\/growth-hacking-free-img.jpg 700w\" sizes=\"(max-width: 300px) 100vw, 300px\" \/>\t\t\t\t\t\t\t\t<\/a>\n\t\t\t\t\t\t\t\t\t\t\t\t\t\t\t<\/div>\n\t\t\t\t<\/div>\n\t\t\t\t\t<\/div>\n\t\t<\/div>\n\t\t\t\t<div class=\"elementor-column elementor-col-33 elementor-top-column elementor-element elementor-element-88d6849\" data-id=\"88d6849\" data-element_type=\"column\">\n\t\t\t<div class=\"elementor-widget-wrap\">\n\t\t\t\t\t\t\t\t\t<\/div>\n\t\t<\/div>\n\t\t\t\t\t\t\t<\/div>\n\t\t<\/section>\n\t\t\t\t<section class=\"elementor-section elementor-top-section elementor-element elementor-element-02c6c51 elementor-section-boxed elementor-section-height-default elementor-section-height-default\" data-id=\"02c6c51\" data-element_type=\"section\">\n\t\t\t\t\t\t<div class=\"elementor-container elementor-column-gap-default\">\n\t\t\t\t\t<div class=\"elementor-column elementor-col-25 elementor-top-column elementor-element elementor-element-1fdcc53\" data-id=\"1fdcc53\" data-element_type=\"column\">\n\t\t\t<div class=\"elementor-widget-wrap elementor-element-populated\">\n\t\t\t\t\t\t\t\t<section class=\"elementor-section elementor-inner-section elementor-element elementor-element-f917e8b elementor-section-boxed elementor-section-height-default elementor-section-height-default\" data-id=\"f917e8b\" data-element_type=\"section\">\n\t\t\t\t\t\t<div class=\"elementor-container elementor-column-gap-default\">\n\t\t\t\t\t<div class=\"elementor-column elementor-col-50 elementor-inner-column elementor-element elementor-element-1b9a3c1\" data-id=\"1b9a3c1\" data-element_type=\"column\">\n\t\t\t<div class=\"elementor-widget-wrap elementor-element-populated\">\n\t\t\t\t\t\t\t\t<div class=\"elementor-element elementor-element-41e52b2 elementor-widget elementor-widget-image\" data-id=\"41e52b2\" data-element_type=\"widget\" data-widget_type=\"image.default\">\n\t\t\t\t<div class=\"elementor-widget-container\">\n\t\t\t\t\t\t\t\t\t\t\t\t\t\t\t\t<a href=\"http:\/\/www.krckomak.com\/wp-content\/uploads\/2019\/06\/content-free-img.jpg\" data-elementor-open-lightbox=\"yes\" data-elementor-lightbox-title=\"content-free-img\" e-action-hash=\"#elementor-action%3Aaction%3Dlightbox%26settings%3DeyJpZCI6MjQ2NzEsInVybCI6Imh0dHA6XC9cL3d3dy5rcmNrb21hay5jb21cL3dwLWNvbnRlbnRcL3VwbG9hZHNcLzIwMTlcLzA2XC9jb250ZW50LWZyZWUtaW1nLmpwZyJ9\">\n\t\t\t\t\t\t\t<img decoding=\"async\" width=\"700\" height=\"400\" src=\"http:\/\/www.krckomak.com\/wp-content\/uploads\/2019\/06\/content-free-img.jpg\" class=\"attachment-large size-large\" alt=\"\" loading=\"lazy\" srcset=\"http:\/\/www.krckomak.com\/wp-content\/uploads\/2019\/06\/content-free-img.jpg 700w, http:\/\/www.krckomak.com\/wp-content\/uploads\/2019\/06\/content-free-img-600x343.jpg 600w, http:\/\/www.krckomak.com\/wp-content\/uploads\/2019\/06\/content-free-img-300x171.jpg 300w\" sizes=\"(max-width: 700px) 100vw, 700px\" \/>\t\t\t\t\t\t\t\t<\/a>\n\t\t\t\t\t\t\t\t\t\t\t\t\t\t\t<\/div>\n\t\t\t\t<\/div>\n\t\t\t\t<div class=\"elementor-element elementor-element-b77be11 elementor-widget elementor-widget-image\" data-id=\"b77be11\" data-element_type=\"widget\" data-widget_type=\"image.default\">\n\t\t\t\t<div class=\"elementor-widget-container\">\n\t\t\t\t\t\t\t\t\t\t\t\t\t\t\t\t<a href=\"http:\/\/www.krckomak.com\/wp-content\/uploads\/2019\/06\/content-free-img.jpg\" data-elementor-open-lightbox=\"yes\" data-elementor-lightbox-title=\"content-free-img\" e-action-hash=\"#elementor-action%3Aaction%3Dlightbox%26settings%3DeyJpZCI6MjQ2NzEsInVybCI6Imh0dHA6XC9cL3d3dy5rcmNrb21hay5jb21cL3dwLWNvbnRlbnRcL3VwbG9hZHNcLzIwMTlcLzA2XC9jb250ZW50LWZyZWUtaW1nLmpwZyJ9\">\n\t\t\t\t\t\t\t<img decoding=\"async\" width=\"700\" height=\"400\" src=\"http:\/\/www.krckomak.com\/wp-content\/uploads\/2019\/06\/content-free-img.jpg\" class=\"attachment-large size-large\" alt=\"\" loading=\"lazy\" srcset=\"http:\/\/www.krckomak.com\/wp-content\/uploads\/2019\/06\/content-free-img.jpg 700w, http:\/\/www.krckomak.com\/wp-content\/uploads\/2019\/06\/content-free-img-600x343.jpg 600w, http:\/\/www.krckomak.com\/wp-content\/uploads\/2019\/06\/content-free-img-300x171.jpg 300w\" sizes=\"(max-width: 700px) 100vw, 700px\" \/>\t\t\t\t\t\t\t\t<\/a>\n\t\t\t\t\t\t\t\t\t\t\t\t\t\t\t<\/div>\n\t\t\t\t<\/div>\n\t\t\t\t<div class=\"elementor-element elementor-element-1aea8bd elementor-widget elementor-widget-image\" data-id=\"1aea8bd\" data-element_type=\"widget\" data-widget_type=\"image.default\">\n\t\t\t\t<div class=\"elementor-widget-container\">\n\t\t\t\t\t\t\t\t\t\t\t\t\t\t\t\t<a href=\"http:\/\/www.krckomak.com\/wp-content\/uploads\/2019\/06\/content-free-img.jpg\" data-elementor-open-lightbox=\"yes\" data-elementor-lightbox-title=\"content-free-img\" e-action-hash=\"#elementor-action%3Aaction%3Dlightbox%26settings%3DeyJpZCI6MjQ2NzEsInVybCI6Imh0dHA6XC9cL3d3dy5rcmNrb21hay5jb21cL3dwLWNvbnRlbnRcL3VwbG9hZHNcLzIwMTlcLzA2XC9jb250ZW50LWZyZWUtaW1nLmpwZyJ9\">\n\t\t\t\t\t\t\t<img decoding=\"async\" width=\"700\" height=\"400\" src=\"http:\/\/www.krckomak.com\/wp-content\/uploads\/2019\/06\/content-free-img.jpg\" class=\"attachment-large size-large\" alt=\"\" loading=\"lazy\" srcset=\"http:\/\/www.krckomak.com\/wp-content\/uploads\/2019\/06\/content-free-img.jpg 700w, http:\/\/www.krckomak.com\/wp-content\/uploads\/2019\/06\/content-free-img-600x343.jpg 600w, http:\/\/www.krckomak.com\/wp-content\/uploads\/2019\/06\/content-free-img-300x171.jpg 300w\" sizes=\"(max-width: 700px) 100vw, 700px\" \/>\t\t\t\t\t\t\t\t<\/a>\n\t\t\t\t\t\t\t\t\t\t\t\t\t\t\t<\/div>\n\t\t\t\t<\/div>\n\t\t\t\t\t<\/div>\n\t\t<\/div>\n\t\t\t\t<div class=\"elementor-column elementor-col-50 elementor-inner-column elementor-element elementor-element-afdbd44\" data-id=\"afdbd44\" data-element_type=\"column\">\n\t\t\t<div class=\"elementor-widget-wrap elementor-element-populated\">\n\t\t\t\t\t\t\t\t<div class=\"elementor-element elementor-element-ba72703 elementor-widget elementor-widget-text-editor\" data-id=\"ba72703\" data-element_type=\"widget\" data-widget_type=\"text-editor.default\">\n\t\t\t\t<div class=\"elementor-widget-container\">\n\t\t\t<style>\/*! elementor - v3.8.1 - 13-11-2022 *\/\n.elementor-widget-text-editor.elementor-drop-cap-view-stacked .elementor-drop-cap{background-color:#818a91;color:#fff}.elementor-widget-text-editor.elementor-drop-cap-view-framed .elementor-drop-cap{color:#818a91;border:3px solid;background-color:transparent}.elementor-widget-text-editor:not(.elementor-drop-cap-view-default) .elementor-drop-cap{margin-top:8px}.elementor-widget-text-editor:not(.elementor-drop-cap-view-default) .elementor-drop-cap-letter{width:1em;height:1em}.elementor-widget-text-editor .elementor-drop-cap{float:left;text-align:center;line-height:1;font-size:50px}.elementor-widget-text-editor .elementor-drop-cap-letter{display:inline-block}<\/style>\t\t\t\t<p>55 kw Ekomak 2016 model<\/p><p>Model: 2016<\/p><p>\u00c7al\u0131\u015fma saati<\/p>\t\t\t\t\t\t<\/div>\n\t\t\t\t<\/div>\n\t\t\t\t\t<\/div>\n\t\t<\/div>\n\t\t\t\t\t\t\t<\/div>\n\t\t<\/section>\n\t\t\t\t\t<\/div>\n\t\t<\/div>\n\t\t\t\t<div class=\"elementor-column elementor-col-25 elementor-top-column elementor-element elementor-element-60a5e03\" data-id=\"60a5e03\" data-element_type=\"column\">\n\t\t\t<div class=\"elementor-widget-wrap\">\n\t\t\t\t\t\t\t\t\t<\/div>\n\t\t<\/div>\n\t\t\t\t<div class=\"elementor-column elementor-col-25 elementor-top-column elementor-element elementor-element-476a4fb\" data-id=\"476a4fb\" data-element_type=\"column\">\n\t\t\t<div class=\"elementor-widget-wrap elementor-element-populated\">\n\t\t\t\t\t\t\t\t<div class=\"elementor-element elementor-element-c47d8af elementor-widget elementor-widget-text-editor\" data-id=\"c47d8af\" data-element_type=\"widget\" data-widget_type=\"text-editor.default\">\n\t\t\t\t<div class=\"elementor-widget-container\">\n\t\t\t\t\t\t\t<p>55 kw Ekomak 2016 model<\/p><p>Model: 2016<\/p><p>\u00c7al\u0131\u015fma saati<\/p>\t\t\t\t\t\t<\/div>\n\t\t\t\t<\/div>\n\t\t\t\t\t<\/div>\n\t\t<\/div>\n\t\t\t\t<div class=\"elementor-column elementor-col-25 elementor-top-column elementor-element elementor-element-d1e586c\" data-id=\"d1e586c\" data-element_type=\"column\">\n\t\t\t<div class=\"elementor-widget-wrap\">\n\t\t\t\t\t\t\t\t\t<\/div>\n\t\t<\/div>\n\t\t\t\t\t\t\t<\/div>\n\t\t<\/section>\n\t\t\t\t<section class=\"elementor-section elementor-top-section elementor-element elementor-element-6b698dd elementor-section-boxed elementor-section-height-default elementor-section-height-default\" data-id=\"6b698dd\" data-element_type=\"section\">\n\t\t\t\t\t\t<div class=\"elementor-container elementor-column-gap-default\">\n\t\t\t\t\t<div class=\"elementor-column elementor-col-100 elementor-top-column elementor-element elementor-element-4ed698b\" data-id=\"4ed698b\" data-element_type=\"column\">\n\t\t\t<div class=\"elementor-widget-wrap elementor-element-populated\">\n\t\t\t\t\t\t\t\t<div class=\"elementor-element elementor-element-dbe3556 elementor-widget-divider--view-line elementor-widget elementor-widget-divider\" data-id=\"dbe3556\" data-element_type=\"widget\" data-widget_type=\"divider.default\">\n\t\t\t\t<div class=\"elementor-widget-container\">\n\t\t\t<style>\/*! elementor - v3.8.1 - 13-11-2022 *\/\n.elementor-widget-divider{--divider-border-style:none;--divider-border-width:1px;--divider-color:#2c2c2c;--divider-icon-size:20px;--divider-element-spacing:10px;--divider-pattern-height:24px;--divider-pattern-size:20px;--divider-pattern-url:none;--divider-pattern-repeat:repeat-x}.elementor-widget-divider .elementor-divider{display:-webkit-box;display:-ms-flexbox;display:flex}.elementor-widget-divider .elementor-divider__text{font-size:15px;line-height:1;max-width:95%}.elementor-widget-divider .elementor-divider__element{margin:0 var(--divider-element-spacing);-ms-flex-negative:0;flex-shrink:0}.elementor-widget-divider .elementor-icon{font-size:var(--divider-icon-size)}.elementor-widget-divider .elementor-divider-separator{display:-webkit-box;display:-ms-flexbox;display:flex;margin:0;direction:ltr}.elementor-widget-divider--view-line_icon .elementor-divider-separator,.elementor-widget-divider--view-line_text .elementor-divider-separator{-webkit-box-align:center;-ms-flex-align:center;align-items:center}.elementor-widget-divider--view-line_icon .elementor-divider-separator:after,.elementor-widget-divider--view-line_icon .elementor-divider-separator:before,.elementor-widget-divider--view-line_text .elementor-divider-separator:after,.elementor-widget-divider--view-line_text .elementor-divider-separator:before{display:block;content:\"\";border-bottom:0;-webkit-box-flex:1;-ms-flex-positive:1;flex-grow:1;border-top:var(--divider-border-width) var(--divider-border-style) var(--divider-color)}.elementor-widget-divider--element-align-left .elementor-divider .elementor-divider-separator>.elementor-divider__svg:first-of-type{-webkit-box-flex:0;-ms-flex-positive:0;flex-grow:0;-ms-flex-negative:100;flex-shrink:100}.elementor-widget-divider--element-align-left .elementor-divider-separator:before{content:none}.elementor-widget-divider--element-align-left .elementor-divider__element{margin-left:0}.elementor-widget-divider--element-align-right .elementor-divider .elementor-divider-separator>.elementor-divider__svg:last-of-type{-webkit-box-flex:0;-ms-flex-positive:0;flex-grow:0;-ms-flex-negative:100;flex-shrink:100}.elementor-widget-divider--element-align-right .elementor-divider-separator:after{content:none}.elementor-widget-divider--element-align-right .elementor-divider__element{margin-right:0}.elementor-widget-divider:not(.elementor-widget-divider--view-line_text):not(.elementor-widget-divider--view-line_icon) .elementor-divider-separator{border-top:var(--divider-border-width) var(--divider-border-style) var(--divider-color)}.elementor-widget-divider--separator-type-pattern{--divider-border-style:none}.elementor-widget-divider--separator-type-pattern.elementor-widget-divider--view-line .elementor-divider-separator,.elementor-widget-divider--separator-type-pattern:not(.elementor-widget-divider--view-line) .elementor-divider-separator:after,.elementor-widget-divider--separator-type-pattern:not(.elementor-widget-divider--view-line) .elementor-divider-separator:before,.elementor-widget-divider--separator-type-pattern:not([class*=elementor-widget-divider--view]) .elementor-divider-separator{width:100%;min-height:var(--divider-pattern-height);-webkit-mask-size:var(--divider-pattern-size) 100%;mask-size:var(--divider-pattern-size) 100%;-webkit-mask-repeat:var(--divider-pattern-repeat);mask-repeat:var(--divider-pattern-repeat);background-color:var(--divider-color);-webkit-mask-image:var(--divider-pattern-url);mask-image:var(--divider-pattern-url)}.elementor-widget-divider--no-spacing{--divider-pattern-size:auto}.elementor-widget-divider--bg-round{--divider-pattern-repeat:round}.rtl .elementor-widget-divider .elementor-divider__text{direction:rtl}.e-con-inner>.elementor-widget-divider,.e-con>.elementor-widget-divider{width:var(--container-widget-width,100%)}<\/style>\t\t<div class=\"elementor-divider\">\n\t\t\t<span class=\"elementor-divider-separator\">\n\t\t\t\t\t\t<\/span>\n\t\t<\/div>\n\t\t\t\t<\/div>\n\t\t\t\t<\/div>\n\t\t\t\t\t<\/div>\n\t\t<\/div>\n\t\t\t\t\t\t\t<\/div>\n\t\t<\/section>\n\t\t\t\t<section class=\"elementor-section elementor-top-section elementor-element elementor-element-121007a elementor-section-boxed elementor-section-height-default elementor-section-height-default\" data-id=\"121007a\" data-element_type=\"section\">\n\t\t\t\t\t\t<div class=\"elementor-container elementor-column-gap-default\">\n\t\t\t\t\t<div class=\"elementor-column elementor-col-33 elementor-top-column elementor-element elementor-element-03cfc80\" data-id=\"03cfc80\" data-element_type=\"column\">\n\t\t\t<div class=\"elementor-widget-wrap\">\n\t\t\t\t\t\t\t\t\t<\/div>\n\t\t<\/div>\n\t\t\t\t<div class=\"elementor-column elementor-col-33 elementor-top-column elementor-element elementor-element-5196fec\" data-id=\"5196fec\" data-element_type=\"column\">\n\t\t\t<div class=\"elementor-widget-wrap\">\n\t\t\t\t\t\t\t\t\t<\/div>\n\t\t<\/div>\n\t\t\t\t<div class=\"elementor-column elementor-col-33 elementor-top-column elementor-element elementor-element-67fbcfb\" data-id=\"67fbcfb\" data-element_type=\"column\">\n\t\t\t<div class=\"elementor-widget-wrap\">\n\t\t\t\t\t\t\t\t\t<\/div>\n\t\t<\/div>\n\t\t\t\t\t\t\t<\/div>\n\t\t<\/section>\n\t\t\t\t<section class=\"elementor-section elementor-top-section elementor-element elementor-element-5d07e4f elementor-section-boxed elementor-section-height-default elementor-section-height-default\" data-id=\"5d07e4f\" data-element_type=\"section\">\n\t\t\t\t\t\t<div class=\"elementor-container elementor-column-gap-default\">\n\t\t\t\t\t<div class=\"elementor-column elementor-col-25 elementor-top-column elementor-element elementor-element-638f883\" data-id=\"638f883\" data-element_type=\"column\">\n\t\t\t<div class=\"elementor-widget-wrap elementor-element-populated\">\n\t\t\t\t\t\t\t\t<div class=\"elementor-element elementor-element-d6975fd elementor-widget elementor-widget-image\" data-id=\"d6975fd\" data-element_type=\"widget\" data-widget_type=\"image.default\">\n\t\t\t\t<div class=\"elementor-widget-container\">\n\t\t\t\t\t\t\t\t\t\t\t\t\t\t\t\t<a href=\"http:\/\/www.krckomak.com\/wp-content\/uploads\/2019\/05\/course-1-free-img.jpg\" data-elementor-open-lightbox=\"yes\" data-elementor-lightbox-title=\"course-1-free-img\" e-action-hash=\"#elementor-action%3Aaction%3Dlightbox%26settings%3DeyJpZCI6MjQyMjEsInVybCI6Imh0dHA6XC9cL3d3dy5rcmNrb21hay5jb21cL3dwLWNvbnRlbnRcL3VwbG9hZHNcLzIwMTlcLzA1XC9jb3Vyc2UtMS1mcmVlLWltZy5qcGcifQ%3D%3D\">\n\t\t\t\t\t\t\t<img decoding=\"async\" width=\"300\" height=\"167\" src=\"http:\/\/www.krckomak.com\/wp-content\/uploads\/2019\/05\/course-1-free-img-300x167.jpg\" class=\"attachment-medium size-medium\" alt=\"\" loading=\"lazy\" srcset=\"http:\/\/www.krckomak.com\/wp-content\/uploads\/2019\/05\/course-1-free-img-300x167.jpg 300w, http:\/\/www.krckomak.com\/wp-content\/uploads\/2019\/05\/course-1-free-img-600x334.jpg 600w, http:\/\/www.krckomak.com\/wp-content\/uploads\/2019\/05\/course-1-free-img-768x428.jpg 768w, http:\/\/www.krckomak.com\/wp-content\/uploads\/2019\/05\/course-1-free-img.jpg 1024w\" sizes=\"(max-width: 300px) 100vw, 300px\" \/>\t\t\t\t\t\t\t\t<\/a>\n\t\t\t\t\t\t\t\t\t\t\t\t\t\t\t<\/div>\n\t\t\t\t<\/div>\n\t\t\t\t\t<\/div>\n\t\t<\/div>\n\t\t\t\t<div class=\"elementor-column elementor-col-25 elementor-top-column elementor-element elementor-element-322b670\" data-id=\"322b670\" data-element_type=\"column\">\n\t\t\t<div class=\"elementor-widget-wrap\">\n\t\t\t\t\t\t\t\t\t<\/div>\n\t\t<\/div>\n\t\t\t\t<div class=\"elementor-column elementor-col-25 elementor-top-column elementor-element elementor-element-45d7c34\" data-id=\"45d7c34\" data-element_type=\"column\">\n\t\t\t<div class=\"elementor-widget-wrap\">\n\t\t\t\t\t\t\t\t\t<\/div>\n\t\t<\/div>\n\t\t\t\t<div class=\"elementor-column elementor-col-25 elementor-top-column elementor-element elementor-element-2aa8ecb\" data-id=\"2aa8ecb\" data-element_type=\"column\">\n\t\t\t<div class=\"elementor-widget-wrap\">\n\t\t\t\t\t\t\t\t\t<\/div>\n\t\t<\/div>\n\t\t\t\t\t\t\t<\/div>\n\t\t<\/section>\n\t\t\t\t\t\t\t<\/div>\n\t\t","protected":false},"excerpt":{"rendered":"<p>2. El Kompres\u00f6r 55 kw Ekomak 2016 model Model: 2016 \u00c7al\u0131\u015fma saati 55 kw Ekomak 2016 model Model: 2016 \u00c7al\u0131\u015fma saati<\/p>\n","protected":false},"author":1,"featured_media":0,"parent":0,"menu_order":0,"comment_status":"closed","ping_status":"closed","template":"","meta":{"site-sidebar-layout":"no-sidebar","site-content-layout":"page-builder","ast-global-header-display":"","ast-main-header-display":"","ast-hfb-above-header-display":"","ast-hfb-below-header-display":"","ast-hfb-mobile-header-display":"","site-post-title":"disabled","ast-breadcrumbs-content":"","ast-featured-img":"disabled","footer-sml-layout":"","theme-transparent-header-meta":"","adv-header-id-meta":"","stick-header-meta":"","header-above-stick-meta":"","header-main-stick-meta":"","header-below-stick-meta":""},"_links":{"self":[{"href":"http:\/\/www.krckomak.com\/index.php\/wp-json\/wp\/v2\/pages\/25255"}],"collection":[{"href":"http:\/\/www.krckomak.com\/index.php\/wp-json\/wp\/v2\/pages"}],"about":[{"href":"http:\/\/www.krckomak.com\/index.php\/wp-json\/wp\/v2\/types\/page"}],"author":[{"embeddable":true,"href":"http:\/\/www.krckomak.com\/index.php\/wp-json\/wp\/v2\/users\/1"}],"replies":[{"embeddable":true,"href":"http:\/\/www.krckomak.com\/index.php\/wp-json\/wp\/v2\/comments?post=25255"}],"version-history":[{"count":29,"href":"http:\/\/www.krckomak.com\/index.php\/wp-json\/wp\/v2\/pages\/25255\/revisions"}],"predecessor-version":[{"id":25292,"href":"http:\/\/www.krckomak.com\/index.php\/wp-json\/wp\/v2\/pages\/25255\/revisions\/25292"}],"wp:attachment":[{"href":"http:\/\/www.krckomak.com\/index.php\/wp-json\/wp\/v2\/media?parent=25255"}],"curies":[{"name":"wp","href":"https:\/\/api.w.org\/{rel}","templated":true}]}}